{"id":12603,"date":"2018-05-14T20:49:04","date_gmt":"2018-05-14T18:49:04","guid":{"rendered":"http:\/\/www.multiculturalcity.eu\/?page_id=12603"},"modified":"2026-02-20T12:27:38","modified_gmt":"2026-02-20T11:27:38","slug":"news","status":"publish","type":"page","link":"https:\/\/www.multiculturalcity.eu\/en\/news\/","title":{"rendered":"News"},"content":{"rendered":"<p>&nbsp;<\/p>\n<p><strong>Current projects:<\/strong><\/p>\n<p><a href=\"https:\/\/www.multiculturalcity.eu\/en\/?portfolio=tranet-transnational-european-theatre-audiovisual-tools-and-simultaneous-interpreting-for-the-internationalisation-of-theatre-production-and-consumption\"><strong>TRANET<\/strong><\/a><\/p>\n<div class=\"page\" title=\"Page 2\">\n<div class=\"section\">\n<div class=\"layoutArea\">\n<div class=\"column\">\n<p><a href=\"https:\/\/tra-net.eu\">(Trans)National European Theatre: audiovisual tools and simultaneous interpreting for the internationalisation of theatre production and consumption<\/a><\/p>\n<p>01.1.2023-30.11.2026<\/p>\n<\/div>\n<\/div>\n<\/div>\n<\/div>\n<p>European Cooperation Project<\/p>\n<p><strong>Cooperation partner:\u00a0<\/strong><\/p>\n<p><a href=\"https:\/\/univ-avignon.fr\">Avignon Universit\u00e9<\/a><\/p>\n<p><a href=\"http:\/\/www.chapeaurougeavignon.org\">Th\u00e9atre AU Chapeau Rouge, Avignon<\/a><\/p>\n<p><a href=\"https:\/\/www.pacta.org\">Associazione Culturale PACTA Arsenale dei Teatri, Milan<\/a><\/p>\n<p><a href=\"https:\/\/www.iulm.it\/it\/home\">IULM: Universit\u00e0 di comunicazione e lingue, Milan<\/a><\/p>\n<p>Funded by European Union<\/p>\n<p>Further information: <a href=\"https:\/\/tra-net.eu\">Tra-Net<\/a><\/p>\n<p><strong>New Publication: TRANET Project<\/strong><\/p>\n<p>We are excited to announce the latest publication of our TRANET Project! In parallel with the online performances of the first edition of the <strong>TRANET festival<\/strong>, we present our new theater educational resource:<\/p>\n<p><a href=\"https:\/\/www.multiculturalcity.eu\/wp-content\/uploads\/TraNET_educational-kit.pdf\" class=\"mtli_attachment mtli_pdf\">TraNET_educational kit<\/a><\/p>\n<p>This multilingual material has been developed to promote the diversity of languages and cultures in theater education. It offers practical approaches and creative ideas that assist both educators and learners in experiencing and discovering the beauty of theater in various languages.<\/p>\n<p>We would like to draw your attention to the release of our <strong>trailer for Fear Eats The Soul (<\/strong>Theater im Delphi, Berlin, 27 February 2025) with multilingual subtitles:<\/p>\n<p><iframe title=\"Fear Eats The Soul - Trailer\" src=\"https:\/\/player.vimeo.com\/video\/1102885431?h=e6a63d8918&amp;dnt=1&amp;app_id=122963\" width=\"500\" height=\"281\" frameborder=\"0\" allow=\"autoplay; fullscreen; picture-in-picture; clipboard-write; encrypted-media; web-share\" referrerpolicy=\"strict-origin-when-cross-origin\"><\/iframe><\/p>\n<p>&nbsp;<\/p>\n<p>&nbsp;<\/p>\n<p>&nbsp;<\/p>\n<p>&nbsp;<\/p>\n<p>&nbsp;<\/p>\n<p>&nbsp;<\/p>\n<p>&nbsp;<\/p>\n","protected":false},"excerpt":{"rendered":"<p>&nbsp; Current projects: TRANET (Trans)National European Theatre: audiovisual tools and simultaneous interpreting for the internationalisation of theatre production and consumption 01.1.2023-30.11.2026 European Cooperation Project Cooperation partner:\u00a0 Avignon Universit\u00e9 Th\u00e9atre AU Chapeau Rouge, Avignon Associazione Culturale PACTA Arsenale dei Teatri, Milan IULM: Universit\u00e0 di comunicazione e lingue, Milan Funded by European Union Further information: Tra-Net New Publication: TRANET Project We are [&hellip;]<\/p>\n","protected":false},"author":2,"featured_media":0,"parent":0,"menu_order":0,"comment_status":"closed","ping_status":"closed","template":"","meta":[],"_links":{"self":[{"href":"https:\/\/www.multiculturalcity.eu\/en\/wp-json\/wp\/v2\/pages\/12603"}],"collection":[{"href":"https:\/\/www.multiculturalcity.eu\/en\/wp-json\/wp\/v2\/pages"}],"about":[{"href":"https:\/\/www.multiculturalcity.eu\/en\/wp-json\/wp\/v2\/types\/page"}],"author":[{"embeddable":true,"href":"https:\/\/www.multiculturalcity.eu\/en\/wp-json\/wp\/v2\/users\/2"}],"replies":[{"embeddable":true,"href":"https:\/\/www.multiculturalcity.eu\/en\/wp-json\/wp\/v2\/comments?post=12603"}],"version-history":[{"count":99,"href":"https:\/\/www.multiculturalcity.eu\/en\/wp-json\/wp\/v2\/pages\/12603\/revisions"}],"predecessor-version":[{"id":14651,"href":"https:\/\/www.multiculturalcity.eu\/en\/wp-json\/wp\/v2\/pages\/12603\/revisions\/14651"}],"wp:attachment":[{"href":"https:\/\/www.multiculturalcity.eu\/en\/wp-json\/wp\/v2\/media?parent=12603"}],"curies":[{"name":"wp","href":"https:\/\/api.w.org\/{rel}","templated":true}]}}